{"id":8629,"date":"2022-08-02T08:42:13","date_gmt":"2022-08-02T06:42:13","guid":{"rendered":"https:\/\/staging.wayes.de\/inflationsrechner\/"},"modified":"2023-03-01T17:20:18","modified_gmt":"2023-03-01T16:20:18","slug":"inflation-calculator","status":"publish","type":"page","link":"https:\/\/wayes.de\/en\/inflation-calculator\/","title":{"rendered":"Inflation calculator"},"content":{"rendered":"\n<p class=\"has-h-3-font-size\">Wie wirken sich die Preissteigerungen auf Ihre GuV aus? Schaffen Sie Transparenz f\u00fcr notwendige Preiserh\u00f6hungen!<\/p>\n\n\n\n<figure class=\"wp-block-image size-post-header\"><img decoding=\"async\" loading=\"lazy\" width=\"1100\" height=\"600\" src=\"https:\/\/wayes.de\/wp-content\/uploads\/2022\/08\/pexels-mikhail-nilov-7677861-1100x600.jpg\" alt=\"\" class=\"wp-image-7411\"\/><\/figure>\n\n\n\n<p>Die Herausgabe des Verbraucherpreisindex (VPI) war bis vor wenigen Monaten keine Titelseite oder Meldung in den Hauptnachrichten wert. Zu marginal waren die Entwicklungen und somit die Auswirkungen auf den Alltag der Menschen. Das hat sich drastisch ver\u00e4ndert! So stieg in den letzten Monaten die Inflation in Deutschland auf \u00fcber sieben Prozent. Die Auswirkungen sind deutlich sp\u00fcrbar \u2013 auch f\u00fcr Unternehmen. Dabei erstreckt sich die Preissteigerung nicht nur auf Material- und Energiekosten. Die Unternehmen m\u00fcssen sich in fast allen Kostenpositionen auf zum Teil massive Preiserh\u00f6hungen einstellen. Dies betrifft sowohl den Personalbereich als auch Logistikosten, Dienstleistung sowie sonstige betriebliche Aufwendungen. Zudem sind sp\u00fcrbare Zinserh\u00f6hungen in Verbindung mit einem st\u00e4rkeren Liquidit\u00e4tsbedarf zu erwarten, da sich inflationsbedingt Working-Capital-Bedarfe und auch Investitionskosten erh\u00f6hen.<\/p>\n\n\n\n<p>Angesichts dieser Entwicklung stehen die Unternehmen vor gro\u00dfen Herausforderungen. Zentrale Fragen sind: Wie wirken sich die Preiserh\u00f6hungen in der GuV aus? Welche Preiserh\u00f6hungen sind notwendig und m\u00f6glich? Durch welche Ma\u00dfnahmen k\u00f6nnen Kostenerh\u00f6hungen und finanzielle Belastungen begrenzt werden?<\/p>\n\n\n\n<p>Proaktives Handeln ist f\u00fcr die Unternehmen wichtiger denn je, da eine verz\u00f6gerte Weitergabe von Kostensteigerungen an die Kunden zu erheblichen Ertragseinbu\u00dfen f\u00fchrt.<\/p>\n\n\n\n<blockquote class=\"wp-block-quote\">\n<p>Aus diesem Grund bieten wir Ihnen mit unserem kostenfreien, interaktiven Inflationsrechner einen simplifizierten Ansatz, mit dem Sie anhand weniger Angaben die grobe Entwicklung und die Effekte einsch\u00e4tzen k\u00f6nnen.<\/p>\n\n\n\n<p>Nutzen Sie unseren Rechner und gestalten Sie Ihr Ma\u00dfnahmenpaket, um finanziell stabil f\u00fcr die Zukunft aufgestellt zu sein.<\/p>\n<\/blockquote>\n\n\n\n<div class=\"wp-block-columns has-1-columns  alignfull wy-block__statement is-layout-flex wp-container-2\">\n<div class=\"wp-block-column is-vertically-aligned-top is-style-default has-turquoise-background-color has-background is-layout-flow\">\n<h2 class=\"has-text-align-center has-h-3-font-size wp-block-heading\">Der Inflationsrechner<\/h2>\n\n\n\n<p class=\"has-text-align-center\"><strong>Hinweis<\/strong>: Aktuell nur in der Desktopvariante nutzbar.<\/p>\n<\/div>\n<\/div>\n\n\n\n<p>Der Inflationsrechner ist so aufgebaut, dass Sie innerhalb kurzer Zeit die Ergebnisauswirkungen von Preissteigerungen erkennen k\u00f6nnen und transparent wird, welche Preissteigerungen f\u00fcr Ihre Leistungen und Produkte im Durchschnitt n\u00f6tig sind, um negative Ergebniseffekte zu vermeiden.<\/p>\n\n\n\n<ol>\n<li>Die Handhabung ist denkbar einfach und auf die wesentlichen Effekte konzentriert. Eingabe der absoluten GuV-Eingabewerte (Orientierung an urspr\u00fcnglichen Werten aus der GuV 2022) <br><\/li>\n\n\n\n<li>Eingabe der zu erwartenden Preissteigerungen f\u00fcr die einzelnen Positionen f\u00fcr das Jahr 2022 sowie f\u00fcr die Folgejahre<br><\/li>\n\n\n\n<li>Die Auswirkungen der Berechnungen werden in der Ergebniszeile angezeigt. Die Ergebniszeile wird sowohl am Ende der Tabelle wie auch oberhalb des Umsatzes dargestellt. So k\u00f6nnen Sie auch auf einen Blick die Ergebnisauswirkungen bei unterschiedlichen Preisanpassungen f\u00fcr den Umsatz feststellen.<\/li>\n<\/ol>\n\n\n\n<p><\/p>\n\n\n\n<div class=\"wp-block-columns has-1-columns  alignfull is-layout-flex wp-container-4\">\n<div class=\"wp-block-column is-style-image-cover is-layout-flow\"><style type=\"text\/css\">\r\n       .errordiv { padding:10px; margin:10px; border: 1px solid #555555;color: #000000;background-color: #f8f8f8; width:500px; }#advanced_iframe {visibility:visible;opacity:1;vertical-align:top;}.ai-info-bottom-iframe { position: fixed; z-index: 10000; bottom:0; left: 0; margin: 0px; text-align: center; width: 100%; background-color: #ff9999; padding-left: 5px;padding-bottom: 5px; border-top: 1px solid #aaa } a.ai-bold {font-weight: bold;}#ai-layer-div-advanced_iframe p {height:100%;margin:0;padding:0}<\/style><script type=\"text\/javascript\">var ai_iframe_width_advanced_iframe = 0;var ai_iframe_height_advanced_iframe = 0;var aiIsIe8=false;var aiOnloadScrollTop=\"true\";var aiExtraSpace=399;var aiShowDebug=false;\r\n\t\tif (typeof aiReadyCallbacks === 'undefined') {\r\n\t\t\tvar aiReadyCallbacks = [];  \r\n\t\t} else if (!(aiReadyCallbacks instanceof Array)) {\r\n\t\t\tvar aiReadyCallbacks = [];\r\n\t\t}    function aiShowIframeId(id_iframe) { jQuery(\"#\"+id_iframe).css(\"visibility\", \"visible\");    }    function aiResizeIframeHeight(height) { aiResizeIframeHeight(height,advanced_iframe); }    function aiResizeIframeHeightId(height,width,id) {aiResizeIframeHeightById(id,height);}<\/script><iframe id=\"advanced_iframe\" name=\"advanced_iframe\" src=\"https:\/\/wayes.de?cff-form=5\" width=\"100%\" height=\"1790\" scrolling=\"no\" frameborder=\"0\" allowtransparency=\"true\" loading=\"eager\" style=\";width:100%;height:1790px;\" allowfullscreen onload='aiResizeIframe(this, &quot;false&quot;,&quot;1&quot;)' ><\/iframe><script type=\"text\/javascript\">var ifrm_advanced_iframe = document.getElementById(\"advanced_iframe\");var hiddenTabsDoneadvanced_iframe = false;\r\nfunction resizeCallbackadvanced_iframe() {}<\/script><script type=\"text\/javascript\"><\/script>\n<\/div>\n<\/div>\n\n\n\n<h3 class=\"has-text-align-center wp-block-heading\">Sprechen Sie uns f\u00fcr weitere Informationen gerne an oder vereinbaren Sie direkt einen Termin \u00fcber unser <a href=\"https:\/\/outlook.office365.com\/owa\/calendar\/WAYESInflation@wayes.de\/bookings\/s\/Y3IFBKO10EqY7cA6nyph3A2\" target=\"_blank\" rel=\"noreferrer noopener\">Online-Tool<\/a>.<\/h3>\n\n\n\n<div class=\"wp-block-columns has-3-columns  is-layout-flex wp-container-8\">\n<div class=\"wp-block-column is-layout-flow\">\n<figure class=\"wp-block-image size-full\"><img decoding=\"async\" loading=\"lazy\" width=\"1280\" height=\"1280\" src=\"https:\/\/wayes.de\/wp-content\/uploads\/2022\/08\/janker-2-564.png\" alt=\"\" class=\"wp-image-7397\" srcset=\"https:\/\/wayes.de\/wp-content\/uploads\/2022\/08\/janker-2-564.png 1280w, https:\/\/wayes.de\/wp-content\/uploads\/2022\/08\/janker-2-564-900x900.png 900w, https:\/\/wayes.de\/wp-content\/uploads\/2022\/08\/janker-2-564-256x256.png 256w\" sizes=\"(max-width: 1280px) 100vw, 1280px\" \/><\/figure>\n<\/div>\n\n\n\n<div class=\"wp-block-column is-layout-flow\"><\/div>\n\n\n\n<div class=\"wp-block-column is-layout-flow\">\n<figure class=\"wp-block-image size-full\"><img decoding=\"async\" loading=\"lazy\" width=\"1280\" height=\"1280\" src=\"https:\/\/wayes.de\/wp-content\/uploads\/2022\/08\/labahn-1-698.png\" alt=\"\" class=\"wp-image-7393\" srcset=\"https:\/\/wayes.de\/wp-content\/uploads\/2022\/08\/labahn-1-698.png 1280w, https:\/\/wayes.de\/wp-content\/uploads\/2022\/08\/labahn-1-698-900x900.png 900w, https:\/\/wayes.de\/wp-content\/uploads\/2022\/08\/labahn-1-698-256x256.png 256w\" sizes=\"(max-width: 1280px) 100vw, 1280px\" \/><\/figure>\n<\/div>\n<\/div>\n\n\n\n<div class=\"wp-block-columns has-3-columns  is-layout-flex wp-container-12\">\n<div class=\"wp-block-column is-layout-flow\">\n<p class=\"has-text-align-center\"><strong>Bernd Janker, Partner<\/strong><\/p>\n\n\n\n<p class=\"has-text-align-center\">+49 30 86 32 370-01 <br><a href=\"mailto:bernd.janker@wayes.de\" target=\"_blank\" rel=\"noreferrer noopener\">bernd.janker@wayes.de <\/a><\/p>\n<\/div>\n\n\n\n<div class=\"wp-block-column is-layout-flow\"><\/div>\n\n\n\n<div class=\"wp-block-column is-layout-flow\">\n<p class=\"has-text-align-center\"><strong>Ren\u00e9 Labahn, Senior Manager<\/strong><\/p>\n\n\n\n<p class=\"has-text-align-center\">+49 40 73 67 68-28<br><a href=\"mailto:rene.labahn@wayes.de\" target=\"_blank\" rel=\"noreferrer noopener\">rene.labahn@wayes.de <\/a><\/p>\n<\/div>\n<\/div>\n\n\n\n<div class=\"wp-block-group is-layout-flow\"><div class=\"wp-block-group__inner-container\">\n<p> <\/p>\n<\/div><\/div>\n\n\n\n<h3 class=\"has-text-align-center wp-block-heading\">Wir freuen uns auf Ihre Anfrage!<\/h3>\n\n\n\n<div class=\"wp-block-group is-layout-flow\"><div class=\"wp-block-group__inner-container\">\n<p> <\/p>\n<\/div><\/div>\n\n\n\n<div class=\"wp-block-columns has-1-columns  alignfull is-layout-flex wp-container-16\">\n<div class=\"wp-block-column is-layout-flow\"><\/div>\n<\/div>\n","protected":false},"excerpt":{"rendered":"<p>Wie wirken sich die Preissteigerungen auf Ihre GuV aus? Schaffen Sie Transparenz f\u00fcr notwendige Preiserh\u00f6hungen! Die Herausgabe des Verbraucherpreisindex (VPI) war bis vor wenigen Monaten keine Titelseite oder Meldung in den Hauptnachrichten wert. Zu marginal waren die Entwicklungen und somit die Auswirkungen auf den Alltag der Menschen. Das hat sich drastisch ver\u00e4ndert! So stieg in [&hellip;]<\/p>\n","protected":false},"author":12,"featured_media":0,"parent":0,"menu_order":18,"comment_status":"closed","ping_status":"closed","template":"","meta":{"inline_featured_image":false},"yoast_head":"<!-- This site is optimized with the Yoast SEO plugin v21.8.1 - https:\/\/yoast.com\/wordpress\/plugins\/seo\/ -->\n<title>Inflation calculator - WAYES<\/title>\n<meta name=\"robots\" content=\"index, follow, max-snippet:-1, max-image-preview:large, max-video-preview:-1\" \/>\n<link rel=\"canonical\" href=\"https:\/\/wayes.de\/en\/inflation-calculator\/\" \/>\n<meta property=\"og:locale\" content=\"en_US\" \/>\n<meta property=\"og:type\" content=\"article\" \/>\n<meta property=\"og:title\" content=\"Inflation calculator - WAYES\" \/>\n<meta property=\"og:description\" content=\"Wie wirken sich die Preissteigerungen auf Ihre GuV aus? Schaffen Sie Transparenz f\u00fcr notwendige Preiserh\u00f6hungen! Die Herausgabe des Verbraucherpreisindex (VPI) war bis vor wenigen Monaten keine Titelseite oder Meldung in den Hauptnachrichten wert. Zu marginal waren die Entwicklungen und somit die Auswirkungen auf den Alltag der Menschen. Das hat sich drastisch ver\u00e4ndert! So stieg in [&hellip;]\" \/>\n<meta property=\"og:url\" content=\"https:\/\/wayes.de\/en\/inflation-calculator\/\" \/>\n<meta property=\"og:site_name\" content=\"WAYES\" \/>\n<meta property=\"article:modified_time\" content=\"2023-03-01T16:20:18+00:00\" \/>\n<meta property=\"og:image\" content=\"https:\/\/wayes.de\/wp-content\/uploads\/2022\/08\/pexels-mikhail-nilov-7677861-1100x600.jpg\" \/>\n<meta name=\"twitter:card\" content=\"summary_large_image\" \/>\n<script type=\"application\/ld+json\" class=\"yoast-schema-graph\">{\"@context\":\"https:\/\/schema.org\",\"@graph\":[{\"@type\":\"WebPage\",\"@id\":\"https:\/\/wayes.de\/en\/inflation-calculator\/\",\"url\":\"https:\/\/wayes.de\/en\/inflation-calculator\/\",\"name\":\"Inflation calculator - WAYES\",\"isPartOf\":{\"@id\":\"https:\/\/wayes.de\/en\/#website\"},\"datePublished\":\"2022-08-02T06:42:13+00:00\",\"dateModified\":\"2023-03-01T16:20:18+00:00\",\"breadcrumb\":{\"@id\":\"https:\/\/wayes.de\/en\/inflation-calculator\/#breadcrumb\"},\"inLanguage\":\"en-US\",\"potentialAction\":[{\"@type\":\"ReadAction\",\"target\":[\"https:\/\/wayes.de\/en\/inflation-calculator\/\"]}]},{\"@type\":\"BreadcrumbList\",\"@id\":\"https:\/\/wayes.de\/en\/inflation-calculator\/#breadcrumb\",\"itemListElement\":[{\"@type\":\"ListItem\",\"position\":1,\"name\":\"Startseite\",\"item\":\"https:\/\/wayes.de\/en\/\"},{\"@type\":\"ListItem\",\"position\":2,\"name\":\"Inflation calculator\"}]},{\"@type\":\"WebSite\",\"@id\":\"https:\/\/wayes.de\/en\/#website\",\"url\":\"https:\/\/wayes.de\/en\/\",\"name\":\"WAYES\",\"description\":\"The Changers to Yes\",\"publisher\":{\"@id\":\"https:\/\/wayes.de\/en\/#organization\"},\"potentialAction\":[{\"@type\":\"SearchAction\",\"target\":{\"@type\":\"EntryPoint\",\"urlTemplate\":\"https:\/\/wayes.de\/en\/?s={search_term_string}\"},\"query-input\":\"required name=search_term_string\"}],\"inLanguage\":\"en-US\"},{\"@type\":\"Organization\",\"@id\":\"https:\/\/wayes.de\/en\/#organization\",\"name\":\"WAYES\",\"url\":\"https:\/\/wayes.de\/en\/\",\"logo\":{\"@type\":\"ImageObject\",\"inLanguage\":\"en-US\",\"@id\":\"https:\/\/wayes.de\/en\/#\/schema\/logo\/image\/\",\"url\":\"https:\/\/wayes.de\/wp-content\/uploads\/2021\/08\/Logo.png\",\"contentUrl\":\"https:\/\/wayes.de\/wp-content\/uploads\/2021\/08\/Logo.png\",\"width\":153,\"height\":32,\"caption\":\"WAYES\"},\"image\":{\"@id\":\"https:\/\/wayes.de\/en\/#\/schema\/logo\/image\/\"},\"sameAs\":[\"https:\/\/www.xing.com\/pages\/wayes\",\"https:\/\/www.linkedin.com\/company\/wayes\/mycompany\/verification\/\",\"https:\/\/www.instagram.com\/thisiswayes\/\"]}]}<\/script>\n<!-- \/ Yoast SEO plugin. -->","yoast_head_json":{"title":"Inflation calculator - WAYES","robots":{"index":"index","follow":"follow","max-snippet":"max-snippet:-1","max-image-preview":"max-image-preview:large","max-video-preview":"max-video-preview:-1"},"canonical":"https:\/\/wayes.de\/en\/inflation-calculator\/","og_locale":"en_US","og_type":"article","og_title":"Inflation calculator - WAYES","og_description":"Wie wirken sich die Preissteigerungen auf Ihre GuV aus? Schaffen Sie Transparenz f\u00fcr notwendige Preiserh\u00f6hungen! Die Herausgabe des Verbraucherpreisindex (VPI) war bis vor wenigen Monaten keine Titelseite oder Meldung in den Hauptnachrichten wert. Zu marginal waren die Entwicklungen und somit die Auswirkungen auf den Alltag der Menschen. Das hat sich drastisch ver\u00e4ndert! So stieg in [&hellip;]","og_url":"https:\/\/wayes.de\/en\/inflation-calculator\/","og_site_name":"WAYES","article_modified_time":"2023-03-01T16:20:18+00:00","og_image":[{"url":"https:\/\/wayes.de\/wp-content\/uploads\/2022\/08\/pexels-mikhail-nilov-7677861-1100x600.jpg"}],"twitter_card":"summary_large_image","schema":{"@context":"https:\/\/schema.org","@graph":[{"@type":"WebPage","@id":"https:\/\/wayes.de\/en\/inflation-calculator\/","url":"https:\/\/wayes.de\/en\/inflation-calculator\/","name":"Inflation calculator - WAYES","isPartOf":{"@id":"https:\/\/wayes.de\/en\/#website"},"datePublished":"2022-08-02T06:42:13+00:00","dateModified":"2023-03-01T16:20:18+00:00","breadcrumb":{"@id":"https:\/\/wayes.de\/en\/inflation-calculator\/#breadcrumb"},"inLanguage":"en-US","potentialAction":[{"@type":"ReadAction","target":["https:\/\/wayes.de\/en\/inflation-calculator\/"]}]},{"@type":"BreadcrumbList","@id":"https:\/\/wayes.de\/en\/inflation-calculator\/#breadcrumb","itemListElement":[{"@type":"ListItem","position":1,"name":"Startseite","item":"https:\/\/wayes.de\/en\/"},{"@type":"ListItem","position":2,"name":"Inflation calculator"}]},{"@type":"WebSite","@id":"https:\/\/wayes.de\/en\/#website","url":"https:\/\/wayes.de\/en\/","name":"WAYES","description":"The Changers to Yes","publisher":{"@id":"https:\/\/wayes.de\/en\/#organization"},"potentialAction":[{"@type":"SearchAction","target":{"@type":"EntryPoint","urlTemplate":"https:\/\/wayes.de\/en\/?s={search_term_string}"},"query-input":"required name=search_term_string"}],"inLanguage":"en-US"},{"@type":"Organization","@id":"https:\/\/wayes.de\/en\/#organization","name":"WAYES","url":"https:\/\/wayes.de\/en\/","logo":{"@type":"ImageObject","inLanguage":"en-US","@id":"https:\/\/wayes.de\/en\/#\/schema\/logo\/image\/","url":"https:\/\/wayes.de\/wp-content\/uploads\/2021\/08\/Logo.png","contentUrl":"https:\/\/wayes.de\/wp-content\/uploads\/2021\/08\/Logo.png","width":153,"height":32,"caption":"WAYES"},"image":{"@id":"https:\/\/wayes.de\/en\/#\/schema\/logo\/image\/"},"sameAs":["https:\/\/www.xing.com\/pages\/wayes","https:\/\/www.linkedin.com\/company\/wayes\/mycompany\/verification\/","https:\/\/www.instagram.com\/thisiswayes\/"]}]}},"_links":{"self":[{"href":"https:\/\/wayes.de\/en\/wp-json\/wp\/v2\/pages\/8629"}],"collection":[{"href":"https:\/\/wayes.de\/en\/wp-json\/wp\/v2\/pages"}],"about":[{"href":"https:\/\/wayes.de\/en\/wp-json\/wp\/v2\/types\/page"}],"author":[{"embeddable":true,"href":"https:\/\/wayes.de\/en\/wp-json\/wp\/v2\/users\/12"}],"replies":[{"embeddable":true,"href":"https:\/\/wayes.de\/en\/wp-json\/wp\/v2\/comments?post=8629"}],"version-history":[{"count":1,"href":"https:\/\/wayes.de\/en\/wp-json\/wp\/v2\/pages\/8629\/revisions"}],"predecessor-version":[{"id":8630,"href":"https:\/\/wayes.de\/en\/wp-json\/wp\/v2\/pages\/8629\/revisions\/8630"}],"wp:attachment":[{"href":"https:\/\/wayes.de\/en\/wp-json\/wp\/v2\/media?parent=8629"}],"curies":[{"name":"wp","href":"https:\/\/api.w.org\/{rel}","templated":true}]}}